{"id":28553,"date":"2024-12-06T11:47:16","date_gmt":"2024-12-06T16:47:16","guid":{"rendered":"https:\/\/blog.talk.edu\/lien-he-voi-co-van-khoa-hoc\/"},"modified":"2024-12-06T11:47:16","modified_gmt":"2024-12-06T16:47:16","slug":"lien-he-voi-co-van-khoa-hoc","status":"publish","type":"page","link":"https:\/\/blog.talk.edu\/vi\/lien-he-voi-co-van-khoa-hoc\/","title":{"rendered":"Li\u00ean h\u1ec7 v\u1edbi C\u1ed1 v\u1ea5n kh\u00f3a h\u1ecdc"},"content":{"rendered":"[vc_row][vc_column width=&#8221;1\/1&#8243;][mk_fancy_title tag_name=&#8221;h2&#8243; color=&#8221;#393836&#8243; size=&#8221;24&#8243; font_weight=&#8221;inhert&#8221; margin_top=&#8221;20&#8243; margin_bottom=&#8221;25&#8243; font_family=&#8221;none&#8221; align=&#8221;center&#8221; width=&#8221;1\/1&#8243; el_position=&#8221;first last&#8221; style=&#8221;false&#8221; letter_spacing=&#8221;0&#8243;]<span style=\"color: #737373;\">C\u1ea3m \u01a1n b\u1ea1n \u0111\u00e3 quan t\u00e2m \u0111\u1ebfn Tr\u01b0\u1eddng h\u1ecdc v\u00e0 Ch\u01b0\u01a1ng tr\u00ecnh c\u1ee7a ch\u00fang t\u00f4i<\/span>[\/mk_fancy_title][mk_fancy_title tag_name=&#8221;h3&#8243; size=&#8221;24&#8243; font_weight=&#8221;inhert&#8221; margin_top=&#8221;20&#8243; margin_bottom=&#8221;25&#8243; font_family=&#8221;none&#8221; align=&#8221;center&#8221; width=&#8221;1\/1&#8243; el_position=&#8221;first last&#8221; style=&#8221;false&#8221; letter_spacing=&#8221;0&#8243; color=&#8221;#393836&#8243;]\n<p style=\"text-align: center;\">\u0110\u1ec3 \u0111\u0103ng k\u00fd, h\u00e3y g\u1ecdi \u0111\u1ebfn V\u0103n ph\u00f2ng Tuy\u1ec3n sinh Trung t\u00e2m c\u1ee7a ch\u00fang t\u00f4i:<\/p>\n<p style=\"text-align: center;\">1-888 751 0083  <span class=\"header-toolbar-contact\"> <\/span><\/p>\n[\/mk_fancy_title][vc_column_text disable_pattern=&#8221;true&#8221; align=&#8221;center&#8221; margin_bottom=&#8221;0&#8243; p_margin_bottom=&#8221;20&#8243; width=&#8221;1\/1&#8243; el_position=&#8221;first last&#8221;]N\u1ebfu b\u1ea1n c\u00f3 b\u1ea5t k\u1ef3 c\u00e2u h\u1ecfi ho\u1eb7c b\u00ecnh lu\u1eadn n\u00e0o v\u1ec1 Tr\u01b0\u1eddng Anh ng\u1eef TALK, c\u00e1c ch\u01b0\u01a1ng tr\u00ecnh \u0111\u00e0o t\u1ea1o ng\u00f4n ng\u1eef c\u1ee7a ch\u00fang t\u00f4i ho\u1eb7c n\u1ebfu b\u1ea1n c\u1ea7n th\u00eam th\u00f4ng tin, vui l\u00f2ng \u0111i\u1ec1n v\u00e0o bi\u1ec3u m\u1eabu sau. \u0110\u1ed9i ng\u0169 tuy\u1ec3n sinh c\u1ee7a ch\u00fang t\u00f4i lu\u00f4n quan t\u00e2m \u0111\u1ebfn c\u00e1c b\u00ecnh lu\u1eadn v\u00e0 c\u00e2u h\u1ecfi c\u1ee7a b\u1ea1n. Ch\u00fang t\u00f4i mong mu\u1ed1n \u0111\u01b0\u1ee3c gi\u00fap b\u1ea1n m\u1edf r\u1ed9ng t\u1ea7m nh\u00ecn![\/vc_column_text][mk_padding_divider size=&#8221;40&#8243; width=&#8221;1\/1&#8243; el_position=&#8221;first last&#8221;][mk_divider divider_width=&#8221;full_width&#8221; margin_top=&#8221;0&#8243; margin_bottom=&#8221;20&#8243; width=&#8221;1\/1&#8243; el_position=&#8221;first last&#8221; style=&#8221;single_dotted&#8221;][\/vc_column][\/vc_row][vc_row][vc_column width=&#8221;3\/4&#8243;][mk_padding_divider size=&#8221;40&#8243; width=&#8221;1\/1&#8243; el_position=&#8221;first last&#8221;][mk_fancy_title tag_name=&#8221;h2&#8243; color=&#8221;#222222&#8243; size=&#8221;20&#8243; font_weight=&#8221;normal&#8221; margin_top=&#8221;0&#8243; margin_bottom=&#8221;20&#8243; font_family=&#8221;none&#8221; align=&#8221;left&#8221; width=&#8221;1\/1&#8243; el_position=&#8221;first last&#8221; style=&#8221;false&#8221; letter_spacing=&#8221;0&#8243;]G\u1eedi cho ch\u00fang t\u00f4i m\u1ed9t tin nh\u1eafn[\/mk_fancy_title][mk_divider divider_width=&#8221;full_width&#8221; margin_top=&#8221;0&#8243; margin_bottom=&#8221;20&#8243; width=&#8221;1\/1&#8243; el_position=&#8221;first last&#8221; style=&#8221;single_dotted&#8221;][contact-form-7 id=&#8221;11075&#8243;][mk_fancy_title tag_name=&#8221;h2&#8243; color=&#8221;#222222&#8243; size=&#8221;20&#8243; font_weight=&#8221;normal&#8221; margin_top=&#8221;0&#8243; margin_bottom=&#8221;20&#8243; font_family=&#8221;none&#8221; align=&#8221;left&#8221; width=&#8221;1\/1&#8243; el_position=&#8221;first last&#8221; style=&#8221;false&#8221; letter_spacing=&#8221;0&#8243;]Th\u00f4ng tin th\u00eam[\/mk_fancy_title][mk_divider divider_width=&#8221;full_width&#8221; margin_top=&#8221;0&#8243; margin_bottom=&#8221;20&#8243; width=&#8221;1\/1&#8243; el_position=&#8221;first last&#8221; style=&#8221;single_dotted&#8221;][mk_padding_divider size=&#8221;30&#8243; width=&#8221;1\/1&#8243; el_position=&#8221;first last&#8221;][vc_row_inner][vc_column_inner width=&#8221;1\/2&#8243;][mk_custom_list style=&#8221;e1fb&#8221; icon_color=&#8221;https:\/\/www.talk.edu\/\/wp-content\/uploads\/talk-english-favicon.png&#8221; margin_bottom=&#8221;30&#8243; align=&#8221;none&#8221; title=&#8221;C\u00e1c kh\u00f3a h\u1ecdc ti\u1ebfng Anh h\u00e0ng \u0111\u1ea7u c\u1ee7a ch\u00fang t\u00f4i&#8221;]\n<ul>\n<li><a title=\"Kh\u00f3a h\u1ecdc ti\u1ebfng Anh chuy\u00ean s\u00e2u\" href=\"https:\/\/www.talk.edu\/english-courses\/programs\/intensive-english-course\/\">Kh\u00f3a h\u1ecdc ti\u1ebfng Anh chuy\u00ean s\u00e2u<\/a><\/li>\n<li><a title=\"Kh\u00f3a h\u1ecdc ti\u1ebfng Anh nh\u00f3m\" href=\"https:\/\/www.talk.edu\/partners\/junior-vacation-english\/\">Kh\u00f3a h\u1ecdc ti\u1ebfng Anh nh\u00f3m<\/a><\/li>\n<li><a title=\"Ch\u01b0\u01a1ng tr\u00ecnh ngh\u1ec9 m\u00e1t cho tr\u1ebb em\" href=\"https:\/\/www.talk.edu\/partners\/junior-vacation-english\/\">Ch\u01b0\u01a1ng tr\u00ecnh ngh\u1ec9 m\u00e1t cho tr\u1ebb em<\/a><\/li>\n<li><a title=\"Ch\u01b0\u01a1ng tr\u00ecnh gia \u0111\u00ecnh\" href=\"https:\/\/www.talk.edu\/partners\/family-program\/\">Ch\u01b0\u01a1ng tr\u00ecnh ti\u1ebfng Anh gia \u0111\u00ecnh<\/a><\/li>\n<\/ul>\n[\/mk_custom_list][\/vc_column_inner][vc_column_inner width=&#8221;1\/2&#8243;][mk_custom_list style=&#8221;e243&#8243; icon_color=&#8221;https:\/\/www.talk.edu\/\/wp-content\/uploads\/talk-english-favicon.png&#8221; margin_bottom=&#8221;30&#8243; align=&#8221;none&#8221; title=&#8221;C\u00e1c kh\u00f3a h\u1ecdc ti\u1ebfng Anh t\u1ea1i Hoa K\u1ef3&#8221;]\n<ul>\n<li>Ch\u01b0\u01a1ng tr\u00ecnh ti\u1ebfng Anh t\u1ed5ng qu\u00e1t<\/li>\n<li><a title=\"C\u00e1c kh\u00f3a h\u1ecdc luy\u1ec7n thi ti\u1ebfng Anh t\u1ea1i Hoa K\u1ef3\" href=\"https:\/\/www.talk.edu\/english-courses\/exam-preparation\/\">Ch\u01b0\u01a1ng tr\u00ecnh luy\u1ec7n thi<\/a><\/li>\n<li><a title=\"Ch\u01b0\u01a1ng tr\u00ecnh ti\u1ebfng Anh chuy\u00ean ng\u00e0nh t\u1ea1i Hoa K\u1ef3\" href=\"https:\/\/www.talk.edu\/english-courses\/special-programs\/\">Ch\u01b0\u01a1ng tr\u00ecnh chuy\u00ean bi\u1ec7t<\/a><\/li>\n<li>Ch\u01b0\u01a1ng tr\u00ecnh ti\u1ebfng Anh h\u1ecdc thu\u1eadt<\/li>\n<\/ul>\n[\/mk_custom_list][\/vc_column_inner][\/vc_row_inner][\/vc_column][vc_column width=&#8221;1\/4&#8243;][mk_padding_divider size=&#8221;40&#8243; width=&#8221;1\/1&#8243; el_position=&#8221;first last&#8221;][mk_fancy_title tag_name=&#8221;h2&#8243; color=&#8221;#222222&#8243; size=&#8221;20&#8243; font_weight=&#8221;normal&#8221; margin_top=&#8221;0&#8243; margin_bottom=&#8221;20&#8243; font_family=&#8221;none&#8221; align=&#8221;center&#8221; width=&#8221;1\/1&#8243; el_position=&#8221;first last&#8221; style=&#8221;false&#8221; letter_spacing=&#8221;0&#8243;]Th\u00f4ng tin li\u00ean l\u1ea1c[\/mk_fancy_title][mk_divider divider_width=&#8221;full_width&#8221; margin_top=&#8221;0&#8243; margin_bottom=&#8221;20&#8243; width=&#8221;1\/1&#8243; el_position=&#8221;first last&#8221; style=&#8221;single_dotted&#8221;][mk_custom_sidebar sidebar=&#8221;sidebar-31&#8243;][mk_fancy_title tag_name=&#8221;h1&#8243; color=&#8221;#393836&#8243; size=&#8221;14&#8243; font_weight=&#8221;inhert&#8221; margin_top=&#8221;0&#8243; margin_bottom=&#8221;10&#8243; font_family=&#8221;none&#8221; align=&#8221;left&#8221; width=&#8221;1\/1&#8243; el_position=&#8221;first last&#8221; style=&#8221;false&#8221; letter_spacing=&#8221;0&#8243;]K\u1ebft n\u1ed1i x\u00e3 h\u1ed9i[\/mk_fancy_title][mk_divider divider_width=&#8221;full_width&#8221; margin_top=&#8221;0&#8243; margin_bottom=&#8221;20&#8243; width=&#8221;1\/1&#8243; el_position=&#8221;first last&#8221; style=&#8221;thin_solid&#8221;][mk_social_networks size=&#8221;large&#8221; margin=&#8221;4&#8243; icon_color=&#8221;#ccc&#8221; align=&#8221;left&#8221; facebook=&#8221;http:\/\/www.facebook.com\/talkinternational&#8221; twitter=&#8221;http:\/\/www.twitter.com\/talkinusa&#8221; google_plus=&#8221;https:\/\/plus.google.com\/105139101730668970212\/posts&#8221; width=&#8221;1\/1&#8243; el_position=&#8221;first last&#8221; style=&#8221;circle&#8221; instagram=&#8221;http:\/\/www.instagram.com\/talkinternational&#8221; youtube=&#8221;https:\/\/www.youtube.com\/user\/TALKInternational&#8221;][mk_divider divider_width=&#8221;full_width&#8221; margin_top=&#8221;0&#8243; margin_bottom=&#8221;20&#8243; width=&#8221;1\/1&#8243; el_position=&#8221;first last&#8221; style=&#8221;single_dotted&#8221;][\/vc_column][\/vc_row]\n","protected":false},"excerpt":{"rendered":"<p>[vc_row][vc_column width=&#8221;1\/1&#8243;][mk_fancy_title tag_name=&#8221;h2&#8243; color=&#8221;#393836&#8243; size=&#8221;24&#8243; font_weight=&#8221;inhert&#8221; margin_top=&#8221;20&#8243; margin_bottom=&#8221;25&#8243; font_family=&#8221;none&#8221; align=&#8221;center&#8221; width=&#8221;1\/1&#8243; el_position=&#8221;first last&#8221; style=&#8221;false&#8221; letter_spacing=&#8221;0&#8243;]C\u1ea3m \u01a1n b\u1ea1n \u0111\u00e3 quan t\u00e2m \u0111\u1ebfn Tr\u01b0\u1eddng h\u1ecdc v\u00e0 Ch\u01b0\u01a1ng tr\u00ecnh c\u1ee7a ch\u00fang t\u00f4i[\/mk_fancy_title][mk_fancy_title tag_name=&#8221;h3&#8243; size=&#8221;24&#8243; font_weight=&#8221;inhert&#8221; margin_top=&#8221;20&#8243; margin_bottom=&#8221;25&#8243; font_family=&#8221;none&#8221; align=&#8221;center&#8221; width=&#8221;1\/1&#8243; el_position=&#8221;first last&#8221; style=&#8221;false&#8221; letter_spacing=&#8221;0&#8243; color=&#8221;#393836&#8243;] \u0110\u1ec3 \u0111\u0103ng k\u00fd, h\u00e3y g\u1ecdi \u0111\u1ebfn V\u0103n ph\u00f2ng Tuy\u1ec3n sinh Trung t\u00e2m c\u1ee7a [&hellip;]<\/p>\n","protected":false},"author":14,"featured_media":0,"parent":0,"menu_order":0,"comment_status":"open","ping_status":"open","template":"","meta":[],"yst_prominent_words":[],"_links":{"self":[{"href":"https:\/\/blog.talk.edu\/vi\/wp-json\/wp\/v2\/pages\/28553"}],"collection":[{"href":"https:\/\/blog.talk.edu\/vi\/wp-json\/wp\/v2\/pages"}],"about":[{"href":"https:\/\/blog.talk.edu\/vi\/wp-json\/wp\/v2\/types\/page"}],"author":[{"embeddable":true,"href":"https:\/\/blog.talk.edu\/vi\/wp-json\/wp\/v2\/users\/14"}],"replies":[{"embeddable":true,"href":"https:\/\/blog.talk.edu\/vi\/wp-json\/wp\/v2\/comments?post=28553"}],"version-history":[{"count":3,"href":"https:\/\/blog.talk.edu\/vi\/wp-json\/wp\/v2\/pages\/28553\/revisions"}],"predecessor-version":[{"id":28569,"href":"https:\/\/blog.talk.edu\/vi\/wp-json\/wp\/v2\/pages\/28553\/revisions\/28569"}],"wp:attachment":[{"href":"https:\/\/blog.talk.edu\/vi\/wp-json\/wp\/v2\/media?parent=28553"}],"wp:term":[{"taxonomy":"yst_prominent_words","embeddable":true,"href":"https:\/\/blog.talk.edu\/vi\/wp-json\/wp\/v2\/yst_prominent_words?post=28553"}],"curies":[{"name":"wp","href":"https:\/\/api.w.org\/{rel}","templated":true}]}}