{"id":28562,"date":"2024-12-06T11:47:16","date_gmt":"2024-12-06T16:47:16","guid":{"rendered":"https:\/\/blog.talk.edu\/kurs-danismani-ile-iletisime-gecin\/"},"modified":"2024-12-06T11:47:17","modified_gmt":"2024-12-06T16:47:17","slug":"kurs-danismani-ile-iletisime-gecin","status":"publish","type":"page","link":"https:\/\/blog.talk.edu\/tr\/kurs-danismani-ile-iletisime-gecin\/","title":{"rendered":"Kurs Dan\u0131\u015fman\u0131 ile \u0130leti\u015fime Ge\u00e7in"},"content":{"rendered":"[vc_row][vc_column width=&#8221;1\/1&#8243;][mk_fancy_title tag_name=&#8221;h2&#8243; color=&#8221;#393836&#8243; size=&#8221;24&#8243; font_weight=&#8221;inhert&#8221; margin_top=&#8221;20&#8243; margin_bottom=&#8221;25&#8243; font_family=&#8221;none&#8221; align=&#8221;center&#8221; width=&#8221;1\/1&#8243; el_position=&#8221;first last&#8221; style=&#8221;false&#8221; letter_spacing=&#8221;0&#8243;]<span style=\"color: #737373;\">Okullar\u0131m\u0131za ve Programlar\u0131m\u0131za G\u00f6sterdi\u011finiz \u0130lgi \u0130\u00e7in Te\u015fekk\u00fcr Ederiz<\/span>[\/mk_fancy_title][mk_fancy_title tag_name=&#8221;h3&#8243; size=&#8221;24&#8243; font_weight=&#8221;inhert&#8221; margin_top=&#8221;20&#8243; margin_bottom=&#8221;25&#8243; font_family=&#8221;none&#8221; align=&#8221;center&#8221; width=&#8221;1\/1&#8243; el_position=&#8221;first last&#8221; style=&#8221;false&#8221; letter_spacing=&#8221;0&#8243; color=&#8221;#393836&#8243;]\n<p style=\"text-align: center;\">Kay\u0131t olmak i\u00e7in Merkezi Kay\u0131t Kabul Ofisimizi aray\u0131n:<\/p>\n<p style=\"text-align: center;\">1-888 751 0083  <span class=\"header-toolbar-contact\"> <\/span><\/p>\n[\/mk_fancy_title][vc_column_text disable_pattern=&#8221;true&#8221; align=&#8221;center&#8221; margin_bottom=&#8221;0&#8243; p_margin_bottom=&#8221;20&#8243; width=&#8221;1\/1&#8243; el_position=&#8221;first last&#8221;]TALK English Schools, dil e\u011fitim programlar\u0131m\u0131z hakk\u0131nda herhangi bir sorunuz veya yorumunuz varsa veya ek bilgiye ihtiyac\u0131n\u0131z varsa, l\u00fctfen a\u015fa\u011f\u0131daki formu doldurun. Kabul ekibimiz yorumlar\u0131n\u0131z ve sorular\u0131n\u0131zla her zaman ilgilenmektedir. Ufkunuzu geni\u015fletmenize yard\u0131mc\u0131 olmak i\u00e7in sab\u0131rs\u0131zlan\u0131yoruz![\/vc_column_text][mk_padding_divider size=&#8221;40&#8243; width=&#8221;1\/1&#8243; el_position=&#8221;first last&#8221;][mk_divider divider_width=&#8221;full_width&#8221; margin_top=&#8221;0&#8243; margin_bottom=&#8221;20&#8243; width=&#8221;1\/1&#8243; el_position=&#8221;first last&#8221; style=&#8221;single_dotted&#8221;][\/vc_column][\/vc_row][vc_row][vc_column width=&#8221;3\/4&#8243;][mk_padding_divider size=&#8221;40&#8243; width=&#8221;1\/1&#8243; el_position=&#8221;first last&#8221;][mk_fancy_title tag_name=&#8221;h2&#8243; color=&#8221;#222222&#8243; size=&#8221;20&#8243; font_weight=&#8221;normal&#8221; margin_top=&#8221;0&#8243; margin_bottom=&#8221;20&#8243; font_family=&#8221;none&#8221; align=&#8221;left&#8221; width=&#8221;1\/1&#8243; el_position=&#8221;first last&#8221; style=&#8221;false&#8221; letter_spacing=&#8221;0&#8243;]Bize mesaj g\u00f6nderin[\/mk_fancy_title][mk_divider divider_width=&#8221;full_width&#8221; margin_top=&#8221;0&#8243; margin_bottom=&#8221;20&#8243; width=&#8221;1\/1&#8243; el_position=&#8221;first last&#8221; style=&#8221;single_dotted&#8221;][contact-form-7 id=&#8221;11075&#8243;][mk_fancy_title tag_name=&#8221;h2&#8243; color=&#8221;#222222&#8243; size=&#8221;20&#8243; font_weight=&#8221;normal&#8221; margin_top=&#8221;0&#8243; margin_bottom=&#8221;20&#8243; font_family=&#8221;none&#8221; align=&#8221;left&#8221; width=&#8221;1\/1&#8243; el_position=&#8221;first last&#8221; style=&#8221;false&#8221; letter_spacing=&#8221;0&#8243;]Daha fazla bilgi[\/mk_fancy_title][mk_divider divider_width=&#8221;full_width&#8221; margin_top=&#8221;0&#8243; margin_bottom=&#8221;20&#8243; width=&#8221;1\/1&#8243; el_position=&#8221;first last&#8221; style=&#8221;single_dotted&#8221;][mk_padding_divider size=&#8221;30&#8243; width=&#8221;1\/1&#8243; el_position=&#8221;first last&#8221;][vc_row_inner][vc_column_inner width=&#8221;1\/2&#8243;][mk_custom_list style=&#8221;e1fb&#8221; icon_color=&#8221;https:\/\/www.talk.edu\/\/wp-content\/uploads\/talk-english-favicon.png&#8221; margin_bottom=&#8221;30&#8243; align=&#8221;none&#8221; title=&#8221;En \u0130yi \u0130ngilizce Kurslar\u0131m\u0131z&#8221;]\n<ul>\n<li><a title=\"Yo\u011fun \u0130ngilizce Kursu\" href=\"https:\/\/www.talk.edu\/english-courses\/programs\/intensive-english-course\/\">Yo\u011fun \u0130ngilizce Kursu<\/a><\/li>\n<li><a title=\"Grup \u0130ngilizce Kurslar\u0131\" href=\"https:\/\/www.talk.edu\/partners\/junior-vacation-english\/\">Grup \u0130ngilizce Kurslar\u0131<\/a><\/li>\n<li><a title=\"Gen\u00e7 Tatil Programlar\u0131\" href=\"https:\/\/www.talk.edu\/partners\/junior-vacation-english\/\">Gen\u00e7 Tatil Program\u0131<\/a><\/li>\n<li><a title=\"Aile Program\u0131\" href=\"https:\/\/www.talk.edu\/partners\/family-program\/\">Aile \u0130ngilizce Program\u0131<\/a><\/li>\n<\/ul>\n[\/mk_custom_list][\/vc_column_inner][vc_column_inner width=&#8221;1\/2&#8243;][mk_custom_list style=&#8221;e243&#8243; icon_color=&#8221;https:\/\/www.talk.edu\/\/wp-content\/uploads\/talk-english-favicon.png&#8221; margin_bottom=&#8221;30&#8243; align=&#8221;none&#8221; title=&#8221;ABD&apos;de \u0130ngilizce Kurslar\u0131&#8221;]\n<ul>\n<li>Genel \u0130ngilizce Programlar\u0131<\/li>\n<li><a title=\"ABD'de \u0130ngilizce S\u0131nav Haz\u0131rl\u0131k Kurslar\u0131\" href=\"https:\/\/www.talk.edu\/english-courses\/exam-preparation\/\">S\u0131nav Haz\u0131rl\u0131k Programlar\u0131<\/a><\/li>\n<li><a title=\"ABD'de Uzmanla\u015fm\u0131\u015f \u0130ngilizce Programlar\u0131\" href=\"https:\/\/www.talk.edu\/english-courses\/special-programs\/\">\u00d6zel Programlar<\/a><\/li>\n<li>Akademik \u0130ngilizce Programlar\u0131<\/li>\n<\/ul>\n[\/mk_custom_list][\/vc_column_inner][\/vc_row_inner][\/vc_column][vc_column width=&#8221;1\/4&#8243;][mk_padding_divider size=&#8221;40&#8243; width=&#8221;1\/1&#8243; el_position=&#8221;first last&#8221;][mk_fancy_title tag_name=&#8221;h2&#8243; color=&#8221;#222222&#8243; size=&#8221;20&#8243; font_weight=&#8221;normal&#8221; margin_top=&#8221;0&#8243; margin_bottom=&#8221;20&#8243; font_family=&#8221;none&#8221; align=&#8221;center&#8221; width=&#8221;1\/1&#8243; el_position=&#8221;first last&#8221; style=&#8221;false&#8221; letter_spacing=&#8221;0&#8243;]\u0130leti\u015fim Bilgileri[\/mk_fancy_title][mk_divider divider_width=&#8221;full_width&#8221; margin_top=&#8221;0&#8243; margin_bottom=&#8221;20&#8243; width=&#8221;1\/1&#8243; el_position=&#8221;first last&#8221; style=&#8221;single_dotted&#8221;][mk_custom_sidebar sidebar=&#8221;sidebar-31&#8243;][mk_fancy_title tag_name=&#8221;h1&#8243; color=&#8221;#393836&#8243; size=&#8221;14&#8243; font_weight=&#8221;inhert&#8221; margin_top=&#8221;0&#8243; margin_bottom=&#8221;10&#8243; font_family=&#8221;none&#8221; align=&#8221;left&#8221; width=&#8221;1\/1&#8243; el_position=&#8221;first last&#8221; style=&#8221;false&#8221; letter_spacing=&#8221;0&#8243;]Sosyalle\u015fin[\/mk_fancy_title][mk_divider divider_width=&#8221;full_width&#8221; margin_top=&#8221;0&#8243; margin_bottom=&#8221;20&#8243; width=&#8221;1\/1&#8243; el_position=&#8221;first last&#8221; style=&#8221;thin_solid&#8221;][mk_social_networks size=&#8221;large&#8221; margin=&#8221;4&#8243; icon_color=&#8221;#ccc&#8221; align=&#8221;left&#8221; facebook=&#8221;http:\/\/www.facebook.com\/talkinternational&#8221; twitter=&#8221;http:\/\/www.twitter.com\/talkinusa&#8221; google_plus=&#8221;https:\/\/plus.google.com\/105139101730668970212\/posts&#8221; width=&#8221;1\/1&#8243; el_position=&#8221;first last&#8221; style=&#8221;circle&#8221; instagram=&#8221;http:\/\/www.instagram.com\/talkinternational&#8221; youtube=&#8221;https:\/\/www.youtube.com\/user\/TALKInternational&#8221;][mk_divider divider_width=&#8221;full_width&#8221; margin_top=&#8221;0&#8243; margin_bottom=&#8221;20&#8243; width=&#8221;1\/1&#8243; el_position=&#8221;first last&#8221; style=&#8221;single_dotted&#8221;][\/vc_column][\/vc_row]\n","protected":false},"excerpt":{"rendered":"<p>[vc_row][vc_column width=&#8221;1\/1&#8243;][mk_fancy_title tag_name=&#8221;h2&#8243; color=&#8221;#393836&#8243; size=&#8221;24&#8243; font_weight=&#8221;inhert&#8221; margin_top=&#8221;20&#8243; margin_bottom=&#8221;25&#8243; font_family=&#8221;none&#8221; align=&#8221;center&#8221; width=&#8221;1\/1&#8243; el_position=&#8221;first last&#8221; style=&#8221;false&#8221; letter_spacing=&#8221;0&#8243;]Okullar\u0131m\u0131za ve Programlar\u0131m\u0131za G\u00f6sterdi\u011finiz \u0130lgi \u0130\u00e7in Te\u015fekk\u00fcr Ederiz[\/mk_fancy_title][mk_fancy_title tag_name=&#8221;h3&#8243; size=&#8221;24&#8243; font_weight=&#8221;inhert&#8221; margin_top=&#8221;20&#8243; margin_bottom=&#8221;25&#8243; font_family=&#8221;none&#8221; align=&#8221;center&#8221; width=&#8221;1\/1&#8243; el_position=&#8221;first last&#8221; style=&#8221;false&#8221; letter_spacing=&#8221;0&#8243; color=&#8221;#393836&#8243;] Kay\u0131t olmak i\u00e7in Merkezi Kay\u0131t Kabul Ofisimizi aray\u0131n: 1-888 751 0083 [\/mk_fancy_title][vc_column_text disable_pattern=&#8221;true&#8221; align=&#8221;center&#8221; margin_bottom=&#8221;0&#8243; p_margin_bottom=&#8221;20&#8243; width=&#8221;1\/1&#8243; el_position=&#8221;first last&#8221;]TALK English [&hellip;]<\/p>\n","protected":false},"author":14,"featured_media":0,"parent":0,"menu_order":0,"comment_status":"open","ping_status":"open","template":"","meta":[],"yst_prominent_words":[],"_links":{"self":[{"href":"https:\/\/blog.talk.edu\/tr\/wp-json\/wp\/v2\/pages\/28562"}],"collection":[{"href":"https:\/\/blog.talk.edu\/tr\/wp-json\/wp\/v2\/pages"}],"about":[{"href":"https:\/\/blog.talk.edu\/tr\/wp-json\/wp\/v2\/types\/page"}],"author":[{"embeddable":true,"href":"https:\/\/blog.talk.edu\/tr\/wp-json\/wp\/v2\/users\/14"}],"replies":[{"embeddable":true,"href":"https:\/\/blog.talk.edu\/tr\/wp-json\/wp\/v2\/comments?post=28562"}],"version-history":[{"count":2,"href":"https:\/\/blog.talk.edu\/tr\/wp-json\/wp\/v2\/pages\/28562\/revisions"}],"predecessor-version":[{"id":28570,"href":"https:\/\/blog.talk.edu\/tr\/wp-json\/wp\/v2\/pages\/28562\/revisions\/28570"}],"wp:attachment":[{"href":"https:\/\/blog.talk.edu\/tr\/wp-json\/wp\/v2\/media?parent=28562"}],"wp:term":[{"taxonomy":"yst_prominent_words","embeddable":true,"href":"https:\/\/blog.talk.edu\/tr\/wp-json\/wp\/v2\/yst_prominent_words?post=28562"}],"curies":[{"name":"wp","href":"https:\/\/api.w.org\/{rel}","templated":true}]}}