{"id":28231,"date":"2024-12-06T11:43:04","date_gmt":"2024-12-06T16:43:04","guid":{"rendered":"https:\/\/blog.talk.edu\/entre-em-contato-com-um-orientador-de-curso\/"},"modified":"2024-12-06T11:43:04","modified_gmt":"2024-12-06T16:43:04","slug":"entre-em-contato-com-um-orientador-de-curso","status":"publish","type":"page","link":"https:\/\/blog.talk.edu\/pt-br\/entre-em-contato-com-um-orientador-de-curso\/","title":{"rendered":"Entre em contato com um orientador de curso"},"content":{"rendered":"[vc_row][vc_column width=&#8221;1\/1&#8243;][mk_fancy_title tag_name=&#8221;h2&#8243; color=&#8221;#393836&#8243; size=&#8221;24&#8243; font_weight=&#8221;inhert&#8221; margin_top=&#8221;20&#8243; margin_bottom=&#8221;25&#8243; font_family=&#8221;none&#8221; align=&#8221;center&#8221; width=&#8221;1\/1&#8243; el_position=&#8221;first last&#8221; style=&#8221;false&#8221; letter_spacing=&#8221;0&#8243;]<span style=\"color: #737373;\">Obrigado pelo seu interesse em nossas escolas e programas<\/span>[\/mk_fancy_title][mk_fancy_title tag_name=&#8221;h3&#8243; size=&#8221;24&#8243; font_weight=&#8221;inhert&#8221; margin_top=&#8221;20&#8243; margin_bottom=&#8221;25&#8243; font_family=&#8221;none&#8221; align=&#8221;center&#8221; width=&#8221;1\/1&#8243; el_position=&#8221;first last&#8221; style=&#8221;false&#8221; letter_spacing=&#8221;0&#8243; color=&#8221;#393836&#8243;]\n<p style=\"text-align: center;\">Para se inscrever, ligue para o Escrit\u00f3rio Central de Admiss\u00f5es:<\/p>\n<p style=\"text-align: center;\">1-888 751 0083  <span class=\"header-toolbar-contact\"> <\/span><\/p>\n[\/mk_fancy_title][vc_column_text disable_pattern=&#8221;true&#8221; align=&#8221;center&#8221; margin_bottom=&#8221;0&#8243; p_margin_bottom=&#8221;20&#8243; width=&#8221;1\/1&#8243; el_position=&#8221;first last&#8221;]Se voc\u00ea tiver alguma pergunta ou coment\u00e1rio sobre a TALK English Schools, nossos programas de treinamento de idiomas ou se precisar de informa\u00e7\u00f5es adicionais, preencha o formul\u00e1rio a seguir. Nossa equipe de admiss\u00f5es est\u00e1 sempre interessada em seus coment\u00e1rios e perguntas. Estamos ansiosos para ajudar voc\u00ea a expandir seus horizontes![\/vc_column_text][mk_padding_divider size=&#8221;40&#8243; width=&#8221;1\/1&#8243; el_position=&#8221;first last&#8221;][mk_divider divider_width=&#8221;full_width&#8221; margin_top=&#8221;0&#8243; margin_bottom=&#8221;20&#8243; width=&#8221;1\/1&#8243; el_position=&#8221;first last&#8221; style=&#8221;single_dotted&#8221;][\/vc_column][\/vc_row][vc_row][vc_column width=&#8221;3\/4&#8243;][mk_padding_divider size=&#8221;40&#8243; width=&#8221;1\/1&#8243; el_position=&#8221;first last&#8221;][mk_fancy_title tag_name=&#8221;h2&#8243; color=&#8221;#222222&#8243; size=&#8221;20&#8243; font_weight=&#8221;normal&#8221; margin_top=&#8221;0&#8243; margin_bottom=&#8221;20&#8243; font_family=&#8221;none&#8221; align=&#8221;left&#8221; width=&#8221;1\/1&#8243; el_position=&#8221;first last&#8221; style=&#8221;false&#8221; letter_spacing=&#8221;0&#8243;]Envie-nos uma mensagem[\/mk_fancy_title][mk_divider divider_width=&#8221;full_width&#8221; margin_top=&#8221;0&#8243; margin_bottom=&#8221;20&#8243; width=&#8221;1\/1&#8243; el_position=&#8221;first last&#8221; style=&#8221;single_dotted&#8221;][contact-form-7 id=&#8221;11075&#8243;][mk_fancy_title tag_name=&#8221;h2&#8243; color=&#8221;#222222&#8243; size=&#8221;20&#8243; font_weight=&#8221;normal&#8221; margin_top=&#8221;0&#8243; margin_bottom=&#8221;20&#8243; font_family=&#8221;none&#8221; align=&#8221;left&#8221; width=&#8221;1\/1&#8243; el_position=&#8221;first last&#8221; style=&#8221;false&#8221; letter_spacing=&#8221;0&#8243;]Mais informa\u00e7\u00f5es[\/mk_fancy_title][mk_divider divider_width=&#8221;full_width&#8221; margin_top=&#8221;0&#8243; margin_bottom=&#8221;20&#8243; width=&#8221;1\/1&#8243; el_position=&#8221;first last&#8221; style=&#8221;single_dotted&#8221;][mk_padding_divider size=&#8221;30&#8243; width=&#8221;1\/1&#8243; el_position=&#8221;first last&#8221;][vc_row_inner][vc_column_inner width=&#8221;1\/2&#8243;][mk_custom_list style=&#8221;e1fb&#8221; icon_color=&#8221;https:\/\/www.talk.edu\/\/wp-content\/uploads\/talk-english-favicon.png&#8221; margin_bottom=&#8221;30&#8243; align=&#8221;none&#8221; title=&#8221;Nossos principais cursos de ingl\u00eas&#8221;]\n<ul>\n<li><a title=\"Curso intensivo de ingl\u00eas\" href=\"https:\/\/www.talk.edu\/english-courses\/programs\/intensive-english-course\/\">Curso intensivo de ingl\u00eas<\/a><\/li>\n<li><a title=\"Cursos de ingl\u00eas em grupo\" href=\"https:\/\/www.talk.edu\/partners\/junior-vacation-english\/\">Cursos de ingl\u00eas em grupo<\/a><\/li>\n<li><a title=\"Programas de f\u00e9rias j\u00fanior\" href=\"https:\/\/www.talk.edu\/partners\/junior-vacation-english\/\">Programa de f\u00e9rias j\u00fanior<\/a><\/li>\n<li><a title=\"Programa familiar\" href=\"https:\/\/www.talk.edu\/partners\/family-program\/\">Programa de ingl\u00eas para fam\u00edlias<\/a><\/li>\n<\/ul>\n[\/mk_custom_list][\/vc_column_inner][vc_column_inner width=&#8221;1\/2&#8243;][mk_custom_list style=&#8221;e243&#8243; icon_color=&#8221;https:\/\/www.talk.edu\/\/wp-content\/uploads\/talk-english-favicon.png&#8221; margin_bottom=&#8221;30&#8243; align=&#8221;none&#8221; title=&#8221;Cursos de ingl\u00eas nos EUA&#8221;]\n<ul>\n<li>Programas de ingl\u00eas geral<\/li>\n<li><a title=\"Cursos preparat\u00f3rios para testes de ingl\u00eas nos EUA\" href=\"https:\/\/www.talk.edu\/english-courses\/exam-preparation\/\">Programas de prepara\u00e7\u00e3o para testes<\/a><\/li>\n<li><a title=\"Programas de ingl\u00eas especializado nos EUA\" href=\"https:\/\/www.talk.edu\/english-courses\/special-programs\/\">Programas especializados<\/a><\/li>\n<li>Programas de ingl\u00eas acad\u00eamico<\/li>\n<\/ul>\n[\/mk_custom_list][\/vc_column_inner][\/vc_row_inner][\/vc_column][vc_column width=&#8221;1\/4&#8243;][mk_padding_divider size=&#8221;40&#8243; width=&#8221;1\/1&#8243; el_position=&#8221;first last&#8221;][mk_fancy_title tag_name=&#8221;h2&#8243; color=&#8221;#222222&#8243; size=&#8221;20&#8243; font_weight=&#8221;normal&#8221; margin_top=&#8221;0&#8243; margin_bottom=&#8221;20&#8243; font_family=&#8221;none&#8221; align=&#8221;center&#8221; width=&#8221;1\/1&#8243; el_position=&#8221;first last&#8221; style=&#8221;false&#8221; letter_spacing=&#8221;0&#8243;]Informa\u00e7\u00f5es de contato[\/mk_fancy_title][mk_divider divider_width=&#8221;full_width&#8221; margin_top=&#8221;0&#8243; margin_bottom=&#8221;20&#8243; width=&#8221;1\/1&#8243; el_position=&#8221;first last&#8221; style=&#8221;single_dotted&#8221;][mk_custom_sidebar sidebar=&#8221;sidebar-31&#8243;][mk_fancy_title tag_name=&#8221;h1&#8243; color=&#8221;#393836&#8243; size=&#8221;14&#8243; font_weight=&#8221;inhert&#8221; margin_top=&#8221;0&#8243; margin_bottom=&#8221;10&#8243; font_family=&#8221;none&#8221; align=&#8221;left&#8221; width=&#8221;1\/1&#8243; el_position=&#8221;first last&#8221; style=&#8221;false&#8221; letter_spacing=&#8221;0&#8243;]Obter Social[\/mk_fancy_title][mk_divider divider_width=&#8221;full_width&#8221; margin_top=&#8221;0&#8243; margin_bottom=&#8221;20&#8243; width=&#8221;1\/1&#8243; el_position=&#8221;first last&#8221; style=&#8221;thin_solid&#8221;][mk_social_networks size=&#8221;large&#8221; margin=&#8221;4&#8243; icon_color=&#8221;#ccc&#8221; align=&#8221;left&#8221; facebook=&#8221;http:\/\/www.facebook.com\/talkinternational&#8221; twitter=&#8221;http:\/\/www.twitter.com\/talkinusa&#8221; google_plus=&#8221;https:\/\/plus.google.com\/105139101730668970212\/posts&#8221; width=&#8221;1\/1&#8243; el_position=&#8221;first last&#8221; style=&#8221;circle&#8221; instagram=&#8221;http:\/\/www.instagram.com\/talkinternational&#8221; youtube=&#8221;https:\/\/www.youtube.com\/user\/TALKInternational&#8221;][mk_divider divider_width=&#8221;full_width&#8221; margin_top=&#8221;0&#8243; margin_bottom=&#8221;20&#8243; width=&#8221;1\/1&#8243; el_position=&#8221;first last&#8221; style=&#8221;single_dotted&#8221;][\/vc_column][\/vc_row]\n","protected":false},"excerpt":{"rendered":"<p>[vc_row][vc_column width=&#8221;1\/1&#8243;][mk_fancy_title tag_name=&#8221;h2&#8243; color=&#8221;#393836&#8243; size=&#8221;24&#8243; font_weight=&#8221;inhert&#8221; margin_top=&#8221;20&#8243; margin_bottom=&#8221;25&#8243; font_family=&#8221;none&#8221; align=&#8221;center&#8221; width=&#8221;1\/1&#8243; el_position=&#8221;first last&#8221; style=&#8221;false&#8221; letter_spacing=&#8221;0&#8243;]Obrigado pelo seu interesse em nossas escolas e programas[\/mk_fancy_title][mk_fancy_title tag_name=&#8221;h3&#8243; size=&#8221;24&#8243; font_weight=&#8221;inhert&#8221; margin_top=&#8221;20&#8243; margin_bottom=&#8221;25&#8243; font_family=&#8221;none&#8221; align=&#8221;center&#8221; width=&#8221;1\/1&#8243; el_position=&#8221;first last&#8221; style=&#8221;false&#8221; letter_spacing=&#8221;0&#8243; color=&#8221;#393836&#8243;] Para se inscrever, ligue para o Escrit\u00f3rio Central de Admiss\u00f5es: 1-888 751 0083 [\/mk_fancy_title][vc_column_text disable_pattern=&#8221;true&#8221; align=&#8221;center&#8221; margin_bottom=&#8221;0&#8243; p_margin_bottom=&#8221;20&#8243; width=&#8221;1\/1&#8243; [&hellip;]<\/p>\n","protected":false},"author":14,"featured_media":0,"parent":0,"menu_order":0,"comment_status":"open","ping_status":"open","template":"","meta":[],"yst_prominent_words":[],"_links":{"self":[{"href":"https:\/\/blog.talk.edu\/pt-br\/wp-json\/wp\/v2\/pages\/28231"}],"collection":[{"href":"https:\/\/blog.talk.edu\/pt-br\/wp-json\/wp\/v2\/pages"}],"about":[{"href":"https:\/\/blog.talk.edu\/pt-br\/wp-json\/wp\/v2\/types\/page"}],"author":[{"embeddable":true,"href":"https:\/\/blog.talk.edu\/pt-br\/wp-json\/wp\/v2\/users\/14"}],"replies":[{"embeddable":true,"href":"https:\/\/blog.talk.edu\/pt-br\/wp-json\/wp\/v2\/comments?post=28231"}],"version-history":[{"count":2,"href":"https:\/\/blog.talk.edu\/pt-br\/wp-json\/wp\/v2\/pages\/28231\/revisions"}],"predecessor-version":[{"id":28233,"href":"https:\/\/blog.talk.edu\/pt-br\/wp-json\/wp\/v2\/pages\/28231\/revisions\/28233"}],"wp:attachment":[{"href":"https:\/\/blog.talk.edu\/pt-br\/wp-json\/wp\/v2\/media?parent=28231"}],"wp:term":[{"taxonomy":"yst_prominent_words","embeddable":true,"href":"https:\/\/blog.talk.edu\/pt-br\/wp-json\/wp\/v2\/yst_prominent_words?post=28231"}],"curies":[{"name":"wp","href":"https:\/\/api.w.org\/{rel}","templated":true}]}}