{"id":28610,"date":"2024-12-06T11:47:20","date_gmt":"2024-12-06T16:47:20","guid":{"rendered":"https:\/\/blog.talk.edu\/contacta-con-un-asesor-de-cursos\/"},"modified":"2024-12-06T11:47:21","modified_gmt":"2024-12-06T16:47:21","slug":"contacta-con-un-asesor-de-cursos","status":"publish","type":"page","link":"https:\/\/blog.talk.edu\/es\/contacta-con-un-asesor-de-cursos\/","title":{"rendered":"Contacta con un asesor de cursos"},"content":{"rendered":"[vc_row][vc_column width=\u00bb1\/1&#8243;][mk_fancy_title tag_name=\u00bbh2&#8243; color=\u00bb#393836&#8243; size=\u00bb24&#8243; font_weight=\u00bbinhert\u00bb margin_top=\u00bb20&#8243; margin_bottom=\u00bb25&#8243; font_family=\u00bbnone\u00bb align=\u00bbcenter\u00bb width=\u00bb1\/1&#8243; el_position=\u00bbfirst last\u00bb style=\u00bbfalse\u00bb letter_spacing=\u00bb0&#8243;]<span style=\"color: #737373;\">Gracias por tu inter\u00e9s en nuestras Escuelas y Programas<\/span>[\/mk_fancy_title][mk_fancy_title tag_name=\u00bbh3&#8243; size=\u00bb24&#8243; font_weight=\u00bbinhert\u00bb margin_top=\u00bb20&#8243; margin_bottom=\u00bb25&#8243; font_family=\u00bbnone\u00bb align=\u00bbcenter\u00bb width=\u00bb1\/1&#8243; el_position=\u00bbfirst last\u00bb style=\u00bbfalse\u00bb letter_spacing=\u00bb0&#8243; color=\u00bb#393836&#8243;]\n<p style=\"text-align: center;\">Para inscribirte llama a nuestra Oficina Central de Admisiones:<\/p>\n<p style=\"text-align: center;\">1-888 751 0083  <span class=\"header-toolbar-contact\"> <\/span><\/p>\n[\/mk_fancy_title][vc_column_text disable_pattern=\u00bbtrue\u00bb align=\u00bbcenter\u00bb margin_bottom=\u00bb0&#8243; p_margin_bottom=\u00bb20&#8243; width=\u00bb1\/1&#8243; el_position=\u00bbfirst last\u00bb]Si tienes alguna pregunta o comentario sobre las Escuelas de Ingl\u00e9s TALK, nuestros programas de formaci\u00f3n ling\u00fc\u00edstica, o si necesitas informaci\u00f3n adicional, rellena el siguiente formulario. Nuestro equipo de admisiones est\u00e1 siempre interesado en tus comentarios y preguntas. \u00a1Estamos deseando ayudarte a ampliar tus horizontes![\/vc_column_text][mk_padding_divider size=\u00bb40&#8243; width=\u00bb1\/1&#8243; el_position=\u00bbfirst last\u00bb][mk_divider divider_width=\u00bbfull_width\u00bb margin_top=\u00bb0&#8243; margin_bottom=\u00bb20&#8243; width=\u00bb1\/1&#8243; el_position=\u00bbfirst last\u00bb style=\u00bbsingle_dotted\u00bb][\/vc_column][\/vc_row][vc_row][vc_column width=\u00bb3\/4&#8243;][mk_padding_divider size=\u00bb40&#8243; width=\u00bb1\/1&#8243; el_position=\u00bbfirst last\u00bb][mk_fancy_title tag_name=\u00bbh2&#8243; color=\u00bb#222222&#8243; size=\u00bb20&#8243; font_weight=\u00bbnormal\u00bb margin_top=\u00bb0&#8243; margin_bottom=\u00bb20&#8243; font_family=\u00bbnone\u00bb align=\u00bbleft\u00bb width=\u00bb1\/1&#8243; el_position=\u00bbfirst last\u00bb style=\u00bbfalse\u00bb letter_spacing=\u00bb0&#8243;]Env\u00edanos un mensaje[\/mk_fancy_title][mk_divider divider_width=\u00bbfull_width\u00bb margin_top=\u00bb0&#8243; margin_bottom=\u00bb20&#8243; width=\u00bb1\/1&#8243; el_position=\u00bbfirst last\u00bb style=\u00bbsingle_dotted\u00bb][contact-form-7 id=\u00bb11075&#8243;][mk_fancy_title tag_name=\u00bbh2&#8243; color=\u00bb#222222&#8243; size=\u00bb20&#8243; font_weight=\u00bbnormal\u00bb margin_top=\u00bb0&#8243; margin_bottom=\u00bb20&#8243; font_family=\u00bbnone\u00bb align=\u00bbleft\u00bb width=\u00bb1\/1&#8243; el_position=\u00bbfirst last\u00bb style=\u00bbfalse\u00bb letter_spacing=\u00bb0&#8243;]M\u00e1s informaci\u00f3n[\/mk_fancy_title][mk_divider divider_width=\u00bbfull_width\u00bb margin_top=\u00bb0&#8243; margin_bottom=\u00bb20&#8243; width=\u00bb1\/1&#8243; el_position=\u00bbfirst last\u00bb style=\u00bbsingle_dotted\u00bb][mk_padding_divider size=\u00bb30&#8243; width=\u00bb1\/1&#8243; el_position=\u00bbfirst last\u00bb][vc_row_inner][vc_column_inner width=\u00bb1\/2&#8243;][mk_custom_list style=\u00bbe1fb\u00bb icon_color=\u00bbhttps:\/\/www.talk.edu\/\/wp-content\/uploads\/talk-english-favicon.png\u00bb margin_bottom=\u00bb30&#8243; align=\u00bbnone\u00bb title=\u00bbNuestros mejores cursos de ingl\u00e9s\u00bb]\n<ul>\n<li><a title=\"Curso Intensivo de Ingl\u00e9s\" href=\"https:\/\/www.talk.edu\/english-courses\/programs\/intensive-english-course\/\">Curso Intensivo de Ingl\u00e9s<\/a><\/li>\n<li><a title=\"Cursos de ingl\u00e9s en grupo\" href=\"https:\/\/www.talk.edu\/partners\/junior-vacation-english\/\">Cursos de ingl\u00e9s en grupo<\/a><\/li>\n<li><a title=\"Programas de Vacaciones Junior\" href=\"https:\/\/www.talk.edu\/partners\/junior-vacation-english\/\">Programa de Vacaciones Junior<\/a><\/li>\n<li><a title=\"Programa Familiar\" href=\"https:\/\/www.talk.edu\/partners\/family-program\/\">Programa de ingl\u00e9s para familias<\/a><\/li>\n<\/ul>\n[\/mk_custom_list][\/vc_column_inner][vc_column_inner width=\u00bb1\/2&#8243;][mk_custom_list style=\u00bbe243&#8243; icon_color=\u00bbhttps:\/\/www.talk.edu\/\/wp-content\/uploads\/talk-english-favicon.png\u00bb margin_bottom=\u00bb30&#8243; align=\u00bbnone\u00bb title=\u00bbCursos de ingl\u00e9s en EE.UU.\u00bb]\n<ul>\n<li>Programas de Ingl\u00e9s General<\/li>\n<li><a title=\"Cursos de preparaci\u00f3n de ex\u00e1menes de ingl\u00e9s en EE.UU.\" href=\"https:\/\/www.talk.edu\/english-courses\/exam-preparation\/\">Programas de preparaci\u00f3n de ex\u00e1menes<\/a><\/li>\n<li><a title=\"Programas de ingl\u00e9s especializado en EE.UU.\" href=\"https:\/\/www.talk.edu\/english-courses\/special-programs\/\">Programas especializados<\/a><\/li>\n<li>Programas de ingl\u00e9s acad\u00e9mico<\/li>\n<\/ul>\n[\/mk_custom_list][\/vc_column_inner][\/vc_row_inner][\/vc_column][vc_column width=\u00bb1\/4&#8243;][mk_padding_divider size=\u00bb40&#8243; width=\u00bb1\/1&#8243; el_position=\u00bbfirst last\u00bb][mk_fancy_title tag_name=\u00bbh2&#8243; color=\u00bb#222222&#8243; size=\u00bb20&#8243; font_weight=\u00bbnormal\u00bb margin_top=\u00bb0&#8243; margin_bottom=\u00bb20&#8243; font_family=\u00bbnone\u00bb align=\u00bbcenter\u00bb width=\u00bb1\/1&#8243; el_position=\u00bbfirst last\u00bb style=\u00bbfalse\u00bb letter_spacing=\u00bb0&#8243;]Informaci\u00f3n de contacto[\/mk_fancy_title][mk_divider divider_width=\u00bbfull_width\u00bb margin_top=\u00bb0&#8243; margin_bottom=\u00bb20&#8243; width=\u00bb1\/1&#8243; el_position=\u00bbfirst last\u00bb style=\u00bbsingle_dotted\u00bb][mk_custom_sidebar sidebar=\u00bbsidebar-31&#8243;][mk_fancy_title tag_name=\u00bbh1&#8243; color=\u00bb#393836&#8243; size=\u00bb14&#8243; font_weight=\u00bbinhert\u00bb margin_top=\u00bb0&#8243; margin_bottom=\u00bb10&#8243; font_family=\u00bbnone\u00bb align=\u00bbleft\u00bb width=\u00bb1\/1&#8243; el_position=\u00bbfirst last\u00bb style=\u00bbfalse\u00bb letter_spacing=\u00bb0&#8243;]Hazte social[\/mk_fancy_title][mk_divider divider_width=\u00bbfull_width\u00bb margin_top=\u00bb0&#8243; margin_bottom=\u00bb20&#8243; width=\u00bb1\/1&#8243; el_position=\u00bbfirst last\u00bb style=\u00bbthin_solid\u00bb][mk_social_networks size=\u00bblarge\u00bb margin=\u00bb4&#8243; icon_color=\u00bb#ccc\u00bb align=\u00bbleft\u00bb facebook=\u00bbhttp:\/\/www.facebook.com\/talkinternational\u00bb twitter=\u00bbhttp:\/\/www.twitter.com\/talkinusa\u00bb google_plus=\u00bbhttps:\/\/plus.google.com\/105139101730668970212\/posts\u00bb width=\u00bb1\/1&#8243; el_position=\u00bbfirst last\u00bb style=\u00bbcircle\u00bb instagram=\u00bbhttp:\/\/www.instagram.com\/talkinternational\u00bb youtube=\u00bbhttps:\/\/www.youtube.com\/user\/TALKInternational\u00bb][mk_divider divider_width=\u00bbfull_width\u00bb margin_top=\u00bb0&#8243; margin_bottom=\u00bb20&#8243; width=\u00bb1\/1&#8243; el_position=\u00bbfirst last\u00bb style=\u00bbsingle_dotted\u00bb][\/vc_column][\/vc_row]\n","protected":false},"excerpt":{"rendered":"<p>[vc_row][vc_column width=\u00bb1\/1&#8243;][mk_fancy_title tag_name=\u00bbh2&#8243; color=\u00bb#393836&#8243; size=\u00bb24&#8243; font_weight=\u00bbinhert\u00bb margin_top=\u00bb20&#8243; margin_bottom=\u00bb25&#8243; font_family=\u00bbnone\u00bb align=\u00bbcenter\u00bb width=\u00bb1\/1&#8243; el_position=\u00bbfirst last\u00bb style=\u00bbfalse\u00bb letter_spacing=\u00bb0&#8243;]Gracias por tu inter\u00e9s en nuestras Escuelas y Programas[\/mk_fancy_title][mk_fancy_title tag_name=\u00bbh3&#8243; size=\u00bb24&#8243; font_weight=\u00bbinhert\u00bb margin_top=\u00bb20&#8243; margin_bottom=\u00bb25&#8243; font_family=\u00bbnone\u00bb align=\u00bbcenter\u00bb width=\u00bb1\/1&#8243; el_position=\u00bbfirst last\u00bb style=\u00bbfalse\u00bb letter_spacing=\u00bb0&#8243; color=\u00bb#393836&#8243;] Para inscribirte llama a nuestra Oficina Central de Admisiones: 1-888 751 0083 [\/mk_fancy_title][vc_column_text disable_pattern=\u00bbtrue\u00bb align=\u00bbcenter\u00bb margin_bottom=\u00bb0&#8243; p_margin_bottom=\u00bb20&#8243; width=\u00bb1\/1&#8243; el_position=\u00bbfirst [&hellip;]<\/p>\n","protected":false},"author":14,"featured_media":0,"parent":0,"menu_order":0,"comment_status":"open","ping_status":"open","template":"","meta":[],"yst_prominent_words":[],"_links":{"self":[{"href":"https:\/\/blog.talk.edu\/es\/wp-json\/wp\/v2\/pages\/28610"}],"collection":[{"href":"https:\/\/blog.talk.edu\/es\/wp-json\/wp\/v2\/pages"}],"about":[{"href":"https:\/\/blog.talk.edu\/es\/wp-json\/wp\/v2\/types\/page"}],"author":[{"embeddable":true,"href":"https:\/\/blog.talk.edu\/es\/wp-json\/wp\/v2\/users\/14"}],"replies":[{"embeddable":true,"href":"https:\/\/blog.talk.edu\/es\/wp-json\/wp\/v2\/comments?post=28610"}],"version-history":[{"count":2,"href":"https:\/\/blog.talk.edu\/es\/wp-json\/wp\/v2\/pages\/28610\/revisions"}],"predecessor-version":[{"id":28620,"href":"https:\/\/blog.talk.edu\/es\/wp-json\/wp\/v2\/pages\/28610\/revisions\/28620"}],"wp:attachment":[{"href":"https:\/\/blog.talk.edu\/es\/wp-json\/wp\/v2\/media?parent=28610"}],"wp:term":[{"taxonomy":"yst_prominent_words","embeddable":true,"href":"https:\/\/blog.talk.edu\/es\/wp-json\/wp\/v2\/yst_prominent_words?post=28610"}],"curies":[{"name":"wp","href":"https:\/\/api.w.org\/{rel}","templated":true}]}}